{"id":875,"date":"2025-02-12T00:14:44","date_gmt":"2025-02-11T23:14:44","guid":{"rendered":"https:\/\/atucstore.shop\/prueba\/?page_id=875"},"modified":"2025-02-12T00:32:37","modified_gmt":"2025-02-11T23:32:37","slug":"politica-de-privacidad","status":"publish","type":"page","link":"https:\/\/geachemical.com\/?page_id=875","title":{"rendered":"Pol\u00edtica de Privacidad"},"content":{"rendered":"\t\t<div data-elementor-type=\"wp-page\" data-elementor-id=\"875\" class=\"elementor elementor-875\" data-elementor-post-type=\"page\">\n\t\t\t\t<div class=\"elementor-element elementor-element-404997b e-flex e-con-boxed e-con e-parent\" data-id=\"404997b\" data-element_type=\"container\">\n\t\t\t\t\t<div class=\"e-con-inner\">\n\t\t\t\t<div class=\"elementor-element elementor-element-aceeb43 elementor-widget elementor-widget-text-editor\" data-id=\"aceeb43\" data-element_type=\"widget\" data-widget_type=\"text-editor.default\">\n\t\t\t\t<div class=\"elementor-widget-container\">\n\t\t\t\t\t\t\t\t\t<div class=\"elementor-element elementor-element-d2256a6 e-flex e-con-boxed e-con e-parent e-lazyloaded\" data-id=\"d2256a6\" data-element_type=\"container\">\n<div class=\"e-con-inner\">\n<div class=\"elementor-element elementor-element-dd6f3ef elementor-widget elementor-widget-heading\" data-id=\"dd6f3ef\" data-element_type=\"widget\" data-widget_type=\"heading.default\">\n<div class=\"elementor-widget-container\">\n<h2 class=\"elementor-heading-title elementor-size-default\">Pol\u00edtica de privacidad<\/h2>\n<\/div>\n<\/div>\n<\/div>\n<\/div>\n<div class=\"elementor-element elementor-element-c6432c8 e-flex e-con-boxed e-con e-parent e-lazyloaded\" data-id=\"c6432c8\" data-element_type=\"container\">\n<div class=\"e-con-inner\">\n<div class=\"elementor-element elementor-element-c67282b elementor-widget elementor-widget-text-editor\" data-id=\"c67282b\" data-element_type=\"widget\" data-widget_type=\"text-editor.default\">\n<div class=\"elementor-widget-container\">\n<p>En&nbsp;<strong>GEA CHEMICAL<\/strong>, estamos comprometidos con la protecci\u00f3n de la privacidad de nuestros usuarios. Esta Pol\u00edtica de Privacidad describe c\u00f3mo recopilamos, utilizamos y protegemos la informaci\u00f3n personal que usted proporciona cuando visita nuestro sitio web o utiliza nuestros servicios.<\/p>\n<\/div>\n<\/div>\n<\/div>\n<\/div>\n<div class=\"elementor-element elementor-element-b19e548 e-flex e-con-boxed e-con e-parent e-lazyloaded\" data-id=\"b19e548\" data-element_type=\"container\">\n<div class=\"e-con-inner\">\n<div class=\"elementor-element elementor-element-8342a60 elementor-widget elementor-widget-text-editor\" data-id=\"8342a60\" data-element_type=\"widget\" data-widget_type=\"text-editor.default\">\n<div class=\"elementor-widget-container\">\n<h4><strong>Recopilaci\u00f3n de Informaci\u00f3n:<\/strong><\/h4>\n<p>Cuando usted visita nuestro sitio web o utiliza nuestros servicios, podemos recopilar informaci\u00f3n personal que usted nos brinda voluntariamente, como su nombre, direcci\u00f3n de correo electr\u00f3nico, n\u00famero de tel\u00e9fono, direcci\u00f3n postal y otra informaci\u00f3n relevante para la prestaci\u00f3n de nuestros servicios.<\/p>\n<\/div>\n<\/div>\n<\/div>\n<\/div>\n<div class=\"elementor-element elementor-element-bb66c34 e-flex e-con-boxed e-con e-parent e-lazyloaded\" data-id=\"bb66c34\" data-element_type=\"container\">\n<div class=\"e-con-inner\">\n<div class=\"elementor-element elementor-element-16eee46 elementor-widget elementor-widget-text-editor\" data-id=\"16eee46\" data-element_type=\"widget\" data-widget_type=\"text-editor.default\">\n<div class=\"elementor-widget-container\">\n<h4><strong>Uso de la Informaci\u00f3n<\/strong><\/h4>\n<p>Utilizamos la informaci\u00f3n personal recopilada para proporcionarle los servicios que solicita, responder a sus consultas, procesar sus pedidos y mejorar la calidad de nuestros servicios. Tambi\u00e9n podemos utilizar su informaci\u00f3n para enviarle comunicaciones relacionadas con nuestros servicios, promociones o actualizaciones.<\/p>\n<\/div>\n<\/div>\n<\/div>\n<\/div>\n<div class=\"elementor-element elementor-element-b5bdd9b e-flex e-con-boxed e-con e-parent e-lazyloaded\" data-id=\"b5bdd9b\" data-element_type=\"container\">\n<div class=\"e-con-inner\">\n<div class=\"elementor-element elementor-element-944f82b elementor-widget elementor-widget-text-editor\" data-id=\"944f82b\" data-element_type=\"widget\" data-widget_type=\"text-editor.default\">\n<div class=\"elementor-widget-container\">\n<h4><strong>Protecci\u00f3n de la informaci\u00f3n<\/strong><\/h4>\n<p>Nos comprometemos a proteger la informaci\u00f3n personal que usted nos proporciona y tomamos las medidas adecuadas para protegerla contra el acceso no autorizado, la divulgaci\u00f3n, la alteraci\u00f3n o la destrucci\u00f3n. Sin embargo, no podemos garantizar la seguridad absoluta de la informaci\u00f3n transmitida a trav\u00e9s de Internet.<\/p>\n<\/div>\n<\/div>\n<\/div>\n<\/div>\n<div class=\"elementor-element elementor-element-3e085f8 e-flex e-con-boxed e-con e-parent e-lazyloaded\" data-id=\"3e085f8\" data-element_type=\"container\">\n<div class=\"e-con-inner\">\n<div class=\"elementor-element elementor-element-0e7606b elementor-widget elementor-widget-text-editor\" data-id=\"0e7606b\" data-element_type=\"widget\" data-widget_type=\"text-editor.default\">\n<div class=\"elementor-widget-container\">\n<h4><strong>Uso de Cookies<\/strong><\/h4>\n<p>Utilizamos cookies y tecnolog\u00edas similares para mejorar la experiencia del usuario en nuestro sitio web, personalizar el contenido y analizar el tr\u00e1fico del sitio. Puede configurar su navegador para que rechace todas las cookies o para que le avise cuando se env\u00ede una cookie.<\/p>\n<\/div>\n<\/div>\n<\/div>\n<\/div>\n<div class=\"elementor-element elementor-element-8cc23bb e-flex e-con-boxed e-con e-parent e-lazyloaded\" data-id=\"8cc23bb\" data-element_type=\"container\">\n<div class=\"e-con-inner\">\n<div class=\"elementor-element elementor-element-cdbcf43 elementor-widget elementor-widget-text-editor\" data-id=\"cdbcf43\" data-element_type=\"widget\" data-widget_type=\"text-editor.default\">\n<div class=\"elementor-widget-container\">\n<h4><strong>Compartir Informaci\u00f3n<\/strong><\/h4>\n<p>No vendemos, intercambiamos ni transferimos de ninguna manera su informaci\u00f3n personal a terceros sin su consentimiento, excepto cuando sea necesario para la prestaci\u00f3n de nuestros servicios o cuando as\u00ed lo exija la ley.<\/p>\n<\/div>\n<\/div>\n<\/div>\n<\/div>\n<div class=\"elementor-element elementor-element-d2f5a63 e-flex e-con-boxed e-con e-parent e-lazyloaded\" data-id=\"d2f5a63\" data-element_type=\"container\">\n<div class=\"e-con-inner\">\n<div class=\"elementor-element elementor-element-5117cb0 elementor-widget elementor-widget-text-editor\" data-id=\"5117cb0\" data-element_type=\"widget\" data-widget_type=\"text-editor.default\">\n<div class=\"elementor-widget-container\">\n<h4><strong>Enlaces a Terceros<\/strong><\/h4>\n<p>Nuestro sitio web puede contener enlaces a sitios web de terceros que no est\u00e1n bajo nuestro control. No somos responsables de las pr\u00e1cticas de privacidad o el contenido de dichos sitios web.<\/p>\n<\/div>\n<\/div>\n<\/div>\n<\/div>\n<div class=\"elementor-element elementor-element-b142a4d e-flex e-con-boxed e-con e-parent e-lazyloaded\" data-id=\"b142a4d\" data-element_type=\"container\">\n<div class=\"e-con-inner\">\n<div class=\"elementor-element elementor-element-4bd70ce elementor-widget elementor-widget-text-editor\" data-id=\"4bd70ce\" data-element_type=\"widget\" data-widget_type=\"text-editor.default\">\n<div class=\"elementor-widget-container\">\n<h4><strong>Cambios en la Pol\u00edtica de Privacidad<\/strong><\/h4>\n<p><strong>Nos reservamos el derecho de actualizar o modificar esta Pol\u00edtica de Privacidad en cualquier momento.<\/strong>&nbsp;Le recomendamos que revise peri\u00f3dicamente esta p\u00e1gina para conocer cualquier cambio. El uso continuado de nuestro sitio web despu\u00e9s de la publicaci\u00f3n de los cambios constituir\u00e1 su aceptaci\u00f3n de dichos cambios.<\/p>\n<\/div>\n<\/div>\n<\/div>\n<\/div>\n<div class=\"elementor-element elementor-element-739020b e-flex e-con-boxed e-con e-parent e-lazyloaded\" data-id=\"739020b\" data-element_type=\"container\">\n<div class=\"e-con-inner\">\n<div class=\"elementor-element elementor-element-6af2118 elementor-widget elementor-widget-text-editor\" data-id=\"6af2118\" data-element_type=\"widget\" data-widget_type=\"text-editor.default\">\n<div class=\"elementor-widget-container\">\n<h4><strong>Contacto<\/strong><\/h4>\n<p>Si tiene alguna pregunta sobre nuestra Pol\u00edtica de Privacidad, comun\u00edquese con nosotros a trav\u00e9s de los medios proporcionados en nuestro sitio web.<\/p>\n<ul>\n<li>Puedes contactarte al e-mail: soluciones@geachemical.com<\/li>\n<\/ul>\n<\/div>\n<\/div>\n<\/div>\n<\/div>\t\t\t\t\t\t\t\t<\/div>\n\t\t\t\t<\/div>\n\t\t\t\t\t<\/div>\n\t\t\t\t<\/div>\n\t\t\t\t<\/div>\n\t\t","protected":false},"excerpt":{"rendered":"<p>Pol\u00edtica de privacidad En&nbsp;GEA CHEMICAL, estamos comprometidos con la protecci\u00f3n de la privacidad de nuestros usuarios. Esta Pol\u00edtica de Privacidad [&hellip;]<\/p>\n","protected":false},"author":1,"featured_media":0,"parent":0,"menu_order":0,"comment_status":"closed","ping_status":"closed","template":"","meta":{"site-sidebar-layout":"no-sidebar","site-content-layout":"","ast-site-content-layout":"full-width-container","site-content-style":"default","site-sidebar-style":"default","ast-global-header-display":"","ast-banner-title-visibility":"","ast-main-header-display":"","ast-hfb-above-header-display":"","ast-hfb-below-header-display":"","ast-hfb-mobile-header-display":"","site-post-title":"disabled","ast-breadcrumbs-content":"","ast-featured-img":"disabled","footer-sml-layout":"","theme-transparent-header-meta":"","adv-header-id-meta":"","stick-header-meta":"","header-above-stick-meta":"","header-main-stick-meta":"","header-below-stick-meta":"","astra-migrate-meta-layouts":"default","ast-page-background-enabled":"default","ast-page-background-meta":{"desktop":{"background-color":"var(--ast-global-color-5)","background-image":"","background-repeat":"repeat","background-position":"center center","background-size":"auto","background-attachment":"scroll","background-type":"","background-media":"","overlay-type":"","overlay-color":"","overlay-opacity":"","overlay-gradient":""},"tablet":{"background-color":"","background-image":"","background-repeat":"repeat","background-position":"center center","background-size":"auto","background-attachment":"scroll","background-type":"","background-media":"","overlay-type":"","overlay-color":"","overlay-opacity":"","overlay-gradient":""},"mobile":{"background-color":"","background-image":"","background-repeat":"repeat","background-position":"center center","background-size":"auto","background-attachment":"scroll","background-type":"","background-media":"","overlay-type":"","overlay-color":"","overlay-opacity":"","overlay-gradient":""}},"ast-content-background-meta":{"desktop":{"background-color":"var(--ast-global-color-4)","background-image":"","background-repeat":"repeat","background-position":"center center","background-size":"auto","background-attachment":"scroll","background-type":"","background-media":"","overlay-type":"","overlay-color":"","overlay-opacity":"","overlay-gradient":""},"tablet":{"background-color":"var(--ast-global-color-4)","background-image":"","background-repeat":"repeat","background-position":"center center","background-size":"auto","background-attachment":"scroll","background-type":"","background-media":"","overlay-type":"","overlay-color":"","overlay-opacity":"","overlay-gradient":""},"mobile":{"background-color":"var(--ast-global-color-4)","background-image":"","background-repeat":"repeat","background-position":"center center","background-size":"auto","background-attachment":"scroll","background-type":"","background-media":"","overlay-type":"","overlay-color":"","overlay-opacity":"","overlay-gradient":""}},"footnotes":""},"class_list":["post-875","page","type-page","status-publish","hentry"],"_links":{"self":[{"href":"https:\/\/geachemical.com\/index.php?rest_route=\/wp\/v2\/pages\/875","targetHints":{"allow":["GET"]}}],"collection":[{"href":"https:\/\/geachemical.com\/index.php?rest_route=\/wp\/v2\/pages"}],"about":[{"href":"https:\/\/geachemical.com\/index.php?rest_route=\/wp\/v2\/types\/page"}],"author":[{"embeddable":true,"href":"https:\/\/geachemical.com\/index.php?rest_route=\/wp\/v2\/users\/1"}],"replies":[{"embeddable":true,"href":"https:\/\/geachemical.com\/index.php?rest_route=%2Fwp%2Fv2%2Fcomments&post=875"}],"version-history":[{"count":4,"href":"https:\/\/geachemical.com\/index.php?rest_route=\/wp\/v2\/pages\/875\/revisions"}],"predecessor-version":[{"id":893,"href":"https:\/\/geachemical.com\/index.php?rest_route=\/wp\/v2\/pages\/875\/revisions\/893"}],"wp:attachment":[{"href":"https:\/\/geachemical.com\/index.php?rest_route=%2Fwp%2Fv2%2Fmedia&parent=875"}],"curies":[{"name":"wp","href":"https:\/\/api.w.org\/{rel}","templated":true}]}}