{"id":877,"date":"2025-02-12T00:15:43","date_gmt":"2025-02-11T23:15:43","guid":{"rendered":"https:\/\/atucstore.shop\/prueba\/?page_id=877"},"modified":"2025-02-12T00:28:45","modified_gmt":"2025-02-11T23:28:45","slug":"aviso-legal","status":"publish","type":"page","link":"https:\/\/geachemical.com\/?page_id=877","title":{"rendered":"Aviso Legal"},"content":{"rendered":"\t\t<div data-elementor-type=\"wp-page\" data-elementor-id=\"877\" class=\"elementor elementor-877\" data-elementor-post-type=\"page\">\n\t\t\t\t<div class=\"elementor-element elementor-element-feef1ba e-flex e-con-boxed e-con e-parent\" data-id=\"feef1ba\" data-element_type=\"container\">\n\t\t\t\t\t<div class=\"e-con-inner\">\n\t\t\t\t<div class=\"elementor-element elementor-element-627a954 elementor-widget elementor-widget-text-editor\" data-id=\"627a954\" data-element_type=\"widget\" data-widget_type=\"text-editor.default\">\n\t\t\t\t<div class=\"elementor-widget-container\">\n\t\t\t\t\t\t\t\t\t<div data-id=\"bf47fb3\" data-element_type=\"container\">\n<div data-id=\"7b33475\" data-element_type=\"widget\" data-widget_type=\"text-editor.default\">\n<h4><strong>Datos de la Empresa:<\/strong><\/h4>\n<p>Tal y como recoge la legislaci\u00f3n vigente, te informamos que:<\/p>\n<ul>\n<li>La raz\u00f3n social del responsable por este sitio web es: GEA CHEMICAL. Para efectos de este aviso legal y t\u00e9rminos de uso, se entender\u00e1 en lo adelante como&nbsp;<b>GEA CHEMICAL<\/b><\/li>\n<li>Ubicada en: Calle 2 Mz. I Lte. 6 Urb. Propietarios de Parque Industrial El Asesor &#8211; Ate &#8211; Lima<\/li>\n<li>Puedes contactarte al e-mail:&nbsp;<strong><a href=\"mailto:ventas@aiwowpublicidad.com\">comercial@geachemical.com<\/a><\/strong><\/li>\n<li>Tel\u00e9fono: +51 913 018 340<\/li>\n<\/ul>\n<p><span style=\"font-size: 16px;\">Bienvenido al sitio web de GEA CHEMICAL. Por favor, lea detenidamente los siguientes t\u00e9rminos y condiciones que rigen el uso de nuestro sitio web. Al acceder y utilizar este sitio web, usted acepta cumplir con estos t\u00e9rminos y condiciones. Si no est\u00e1 de acuerdo con alguna parte de estos t\u00e9rminos, le rogamos que no utilice nuestro sitio web.<\/span><\/p>\n<\/div>\n<\/div>\n<div data-id=\"f3428e2\" data-element_type=\"container\">\n<div>\n<div data-id=\"f6ae61d\" data-element_type=\"widget\" data-widget_type=\"text-editor.default\">\n<div>\n<p>Bienvenido al sitio web de GEA CHEMICAL. Por favor, lea detenidamente los siguientes t\u00e9rminos y condiciones que rigen el uso de nuestro sitio web. Al acceder y utilizar este sitio web, usted acepta cumplir con estos t\u00e9rminos y condiciones. Si no est\u00e1 de acuerdo con alguna parte de estos t\u00e9rminos, le rogamos que no utilice nuestro sitio web.<\/p>\n<\/div>\n<\/div>\n<\/div>\n<\/div>\n<div data-id=\"b57fc16\" data-element_type=\"container\">\n<div>\n<div data-id=\"3725a0e\" data-element_type=\"widget\" data-widget_type=\"text-editor.default\">\n<div>\n<h4><strong>Uso del Sitio Web&nbsp;<\/strong><\/h4>\n<p><span style=\"text-align: var(--text-align); background-color: rgba(255, 255, 255, 0); color: var( --e-global-color-primary ); font-family: var( --e-global-typography-b2ce6af-font-family ), Sans-serif; font-size: var( --e-global-typography-b2ce6af-font-size ); font-style: var( --e-global-typography-b2ce6af-font-style ); font-weight: var( --e-global-typography-b2ce6af-font-weight ); text-transform: var( --e-global-typography-b2ce6af-text-transform );\">GEA CHEMICAL<\/span>&nbsp;ofrece este sitio web, incluyendo toda la informaci\u00f3n, herramientas y servicios disponibles en este sitio para usted, el usuario, condicionado a su aceptaci\u00f3n de todos los t\u00e9rminos, condiciones, pol\u00edticas y avisos aqu\u00ed establecidos.<\/p>\n<\/div>\n<\/div>\n<\/div>\n<\/div>\n<div data-id=\"69b7bd3\" data-element_type=\"container\">\n<div>\n<div data-id=\"25277b1\" data-element_type=\"widget\" data-widget_type=\"text-editor.default\">\n<div>\n<h4><strong>Propiedad Intelectual<\/strong><\/h4>\n<p>Todos los derechos de propiedad intelectual de este sitio web y su contenido son propiedad de GEA CHEMICAL&nbsp;y est\u00e1n protegidos por las leyes de propiedad intelectual vigentes en Per\u00fa. Esto incluye, pero no se limita a, dise\u00f1os, gr\u00e1ficos, logotipos, im\u00e1genes, textos, software, y cualquier otro material presente en el sitio. Pol\u00edticas y avisos aqu\u00ed establecidos.<\/p>\n<\/div>\n<\/div>\n<\/div>\n<\/div>\n<div data-id=\"37bdb46\" data-element_type=\"container\">\n<div>\n<div data-id=\"40a2aca\" data-element_type=\"widget\" data-widget_type=\"text-editor.default\">\n<div>\n<h4><strong>Uso Prohibido<\/strong><\/h4>\n<p>Queda prohibido el uso de este sitio web con fines ilegales o no autorizados. Usted no debe utilizar este sitio de manera que pudiera da\u00f1ar, deshabilitar, sobrecargar o deteriorar la funcionalidad del mismo, ni interferir con el uso y disfrute de este sitio por parte de terceros.<\/p>\n<\/div>\n<\/div>\n<\/div>\n<\/div>\n<div data-id=\"0c922d6\" data-element_type=\"container\">\n<div>\n<div data-id=\"e6823e1\" data-element_type=\"widget\" data-widget_type=\"text-editor.default\">\n<div>\n<h4><strong>Limitaci\u00f3n de Responsabilidad<\/strong><\/h4>\n<p><span style=\"text-align: var(--text-align); background-color: rgba(255, 255, 255, 0); color: var( --e-global-color-primary ); font-family: var( --e-global-typography-b2ce6af-font-family ), Sans-serif; font-size: var( --e-global-typography-b2ce6af-font-size ); font-style: var( --e-global-typography-b2ce6af-font-style ); font-weight: var( --e-global-typography-b2ce6af-font-weight ); text-transform: var( --e-global-typography-b2ce6af-text-transform );\">GEA CHEMICAL<\/span>&nbsp;no ser\u00e1 responsable por ning\u00fan da\u00f1o directo, indirecto, incidental, especial, consecuente o punitivo que surja del uso o la imposibilidad de utilizar este sitio web, incluidos, entre otros, los da\u00f1os por p\u00e9rdida de beneficios, datos o uso.<\/p>\n<\/div>\n<\/div>\n<\/div>\n<\/div>\n<div data-id=\"18085af\" data-element_type=\"container\">\n<div>\n<div data-id=\"93442c1\" data-element_type=\"widget\" data-widget_type=\"text-editor.default\">\n<div>\n<h4><strong>Enlaces a Terceros<\/strong><\/h4>\n<p>Este sitio web puede contener enlaces a sitios web de terceros que no est\u00e1n bajo el control de GEA CHEMICAL. No tenemos control sobre, y no asumimos responsabilidad alguna por, el contenido, pol\u00edticas de privacidad o pr\u00e1cticas de cualquier sitio o recurso al que se acceda a trav\u00e9s de nuestros enlaces.<\/p>\n<\/div>\n<\/div>\n<\/div>\n<\/div>\n<div data-id=\"edac20b\" data-element_type=\"container\">\n<div>\n<div data-id=\"4a7de7e\" data-element_type=\"widget\" data-widget_type=\"text-editor.default\">\n<div>\n<h4><strong>Modificaciones<\/strong><\/h4>\n<p>Nos reservamos el derecho de modificar estos t\u00e9rminos y condiciones en cualquier momento, por lo que le recomendamos revisar peri\u00f3dicamente esta p\u00e1gina para estar al tanto de cualquier cambio. El uso continuado de este sitio web despu\u00e9s de la publicaci\u00f3n de cualquier modificaci\u00f3n constituir\u00e1 la aceptaci\u00f3n de dichas modificaciones.<\/p>\n<\/div>\n<\/div>\n<\/div>\n<\/div>\n<div data-id=\"44e533f\" data-element_type=\"container\">\n<div>\n<div data-id=\"70e50fa\" data-element_type=\"widget\" data-widget_type=\"text-editor.default\">\n<div>\n<h4><strong>Ley Aplicable<\/strong><\/h4>\n<p>Estos t\u00e9rminos y condiciones se rigen e interpretan de acuerdo con las leyes de la Rep\u00fablica del Per\u00fa. Cualquier disputa que surja de o est\u00e9 relacionada con estos t\u00e9rminos y condiciones estar\u00e1 sujeta a la jurisdicci\u00f3n exclusiva de los tribunales ubicados en Per\u00fa.<\/p>\n<\/div>\n<\/div>\n<\/div>\n<\/div>\n<div data-id=\"a71716f\" data-element_type=\"container\">\n<div>\n<div data-id=\"213e265\" data-element_type=\"widget\" data-widget_type=\"text-editor.default\">\n<div>\n<p>Si tiene alguna pregunta sobre estos t\u00e9rminos y condiciones, cont\u00e1ctenos a trav\u00e9s de los medios proporcionados en nuestro sitio web.<\/p>\n<ul>\n<li>Puedes contactarte al e-mail:&nbsp;<strong><a href=\"mailto:ventas@aiwowpublicidad.com\">comercial@geachemical.com<\/a><\/strong><\/li>\n<\/ul>\n<\/div>\n<\/div>\n<\/div>\n<\/div>\t\t\t\t\t\t\t\t<\/div>\n\t\t\t\t<\/div>\n\t\t\t\t\t<\/div>\n\t\t\t\t<\/div>\n\t\t\t\t<\/div>\n\t\t","protected":false},"excerpt":{"rendered":"<p>Datos de la Empresa: Tal y como recoge la legislaci\u00f3n vigente, te informamos que: La raz\u00f3n social del responsable por [&hellip;]<\/p>\n","protected":false},"author":1,"featured_media":0,"parent":0,"menu_order":0,"comment_status":"closed","ping_status":"closed","template":"","meta":{"site-sidebar-layout":"no-sidebar","site-content-layout":"","ast-site-content-layout":"full-width-container","site-content-style":"default","site-sidebar-style":"default","ast-global-header-display":"","ast-banner-title-visibility":"","ast-main-header-display":"","ast-hfb-above-header-display":"","ast-hfb-below-header-display":"","ast-hfb-mobile-header-display":"","site-post-title":"disabled","ast-breadcrumbs-content":"","ast-featured-img":"disabled","footer-sml-layout":"","theme-transparent-header-meta":"","adv-header-id-meta":"","stick-header-meta":"","header-above-stick-meta":"","header-main-stick-meta":"","header-below-stick-meta":"","astra-migrate-meta-layouts":"default","ast-page-background-enabled":"default","ast-page-background-meta":{"desktop":{"background-color":"var(--ast-global-color-5)","background-image":"","background-repeat":"repeat","background-position":"center center","background-size":"auto","background-attachment":"scroll","background-type":"","background-media":"","overlay-type":"","overlay-color":"","overlay-opacity":"","overlay-gradient":""},"tablet":{"background-color":"","background-image":"","background-repeat":"repeat","background-position":"center center","background-size":"auto","background-attachment":"scroll","background-type":"","background-media":"","overlay-type":"","overlay-color":"","overlay-opacity":"","overlay-gradient":""},"mobile":{"background-color":"","background-image":"","background-repeat":"repeat","background-position":"center center","background-size":"auto","background-attachment":"scroll","background-type":"","background-media":"","overlay-type":"","overlay-color":"","overlay-opacity":"","overlay-gradient":""}},"ast-content-background-meta":{"desktop":{"background-color":"var(--ast-global-color-4)","background-image":"","background-repeat":"repeat","background-position":"center center","background-size":"auto","background-attachment":"scroll","background-type":"","background-media":"","overlay-type":"","overlay-color":"","overlay-opacity":"","overlay-gradient":""},"tablet":{"background-color":"var(--ast-global-color-4)","background-image":"","background-repeat":"repeat","background-position":"center center","background-size":"auto","background-attachment":"scroll","background-type":"","background-media":"","overlay-type":"","overlay-color":"","overlay-opacity":"","overlay-gradient":""},"mobile":{"background-color":"var(--ast-global-color-4)","background-image":"","background-repeat":"repeat","background-position":"center center","background-size":"auto","background-attachment":"scroll","background-type":"","background-media":"","overlay-type":"","overlay-color":"","overlay-opacity":"","overlay-gradient":""}},"footnotes":""},"class_list":["post-877","page","type-page","status-publish","hentry"],"_links":{"self":[{"href":"https:\/\/geachemical.com\/index.php?rest_route=\/wp\/v2\/pages\/877","targetHints":{"allow":["GET"]}}],"collection":[{"href":"https:\/\/geachemical.com\/index.php?rest_route=\/wp\/v2\/pages"}],"about":[{"href":"https:\/\/geachemical.com\/index.php?rest_route=\/wp\/v2\/types\/page"}],"author":[{"embeddable":true,"href":"https:\/\/geachemical.com\/index.php?rest_route=\/wp\/v2\/users\/1"}],"replies":[{"embeddable":true,"href":"https:\/\/geachemical.com\/index.php?rest_route=%2Fwp%2Fv2%2Fcomments&post=877"}],"version-history":[{"count":4,"href":"https:\/\/geachemical.com\/index.php?rest_route=\/wp\/v2\/pages\/877\/revisions"}],"predecessor-version":[{"id":890,"href":"https:\/\/geachemical.com\/index.php?rest_route=\/wp\/v2\/pages\/877\/revisions\/890"}],"wp:attachment":[{"href":"https:\/\/geachemical.com\/index.php?rest_route=%2Fwp%2Fv2%2Fmedia&parent=877"}],"curies":[{"name":"wp","href":"https:\/\/api.w.org\/{rel}","templated":true}]}}