{"id":879,"date":"2025-02-12T00:16:13","date_gmt":"2025-02-11T23:16:13","guid":{"rendered":"https:\/\/atucstore.shop\/prueba\/?page_id=879"},"modified":"2025-02-12T00:18:13","modified_gmt":"2025-02-11T23:18:13","slug":"cookie","status":"publish","type":"page","link":"https:\/\/geachemical.com\/?page_id=879","title":{"rendered":"Cookie"},"content":{"rendered":"\t\t<div data-elementor-type=\"wp-page\" data-elementor-id=\"879\" class=\"elementor elementor-879\" data-elementor-post-type=\"page\">\n\t\t\t\t<div class=\"elementor-element elementor-element-6dc8a01 e-flex e-con-boxed e-con e-parent\" data-id=\"6dc8a01\" data-element_type=\"container\">\n\t\t\t\t\t<div class=\"e-con-inner\">\n\t\t\t\t<div class=\"elementor-element elementor-element-6941d14 elementor-widget elementor-widget-text-editor\" data-id=\"6941d14\" data-element_type=\"widget\" data-widget_type=\"text-editor.default\">\n\t\t\t\t<div class=\"elementor-widget-container\">\n\t\t\t\t\t\t\t\t\t<div class=\"elementor-element elementor-element-3f6c3a8 e-flex e-con-boxed e-con e-parent e-lazyloaded\" data-id=\"3f6c3a8\" data-element_type=\"container\">\n<div class=\"e-con-inner\">\n<div class=\"elementor-element elementor-element-9dcfae6 elementor-widget elementor-widget-heading\" data-id=\"9dcfae6\" data-element_type=\"widget\" data-widget_type=\"heading.default\">\n<div class=\"elementor-widget-container\">\n<h2 class=\"elementor-heading-title elementor-size-default\">Pol\u00edtica de cookies<\/h2>\n<\/div>\n<\/div>\n<\/div>\n<\/div>\n<div class=\"elementor-element elementor-element-ac3c750 e-flex e-con-boxed e-con e-parent e-lazyloaded\" data-id=\"ac3c750\" data-element_type=\"container\">\n<div class=\"e-con-inner\">\n<div class=\"elementor-element elementor-element-384c7a4 e-flex e-con-boxed e-con e-child\" data-id=\"384c7a4\" data-element_type=\"container\">\n<div class=\"e-con-inner\">\n<div class=\"elementor-element elementor-element-456199a elementor-widget elementor-widget-text-editor\" data-id=\"456199a\" data-element_type=\"widget\" data-widget_type=\"text-editor.default\">\n<div class=\"elementor-widget-container\">\n<p>En&nbsp;<strong>GEA CHEMICAL<\/strong>, utilizamos cookies y tecnolog\u00edas similares en nuestro sitio web para mejorar su experiencia de navegaci\u00f3n y proporcionarle un servicio personalizado. Esta Pol\u00edtica de Cookies explica c\u00f3mo utilizamos las cookies y c\u00f3mo puede controlarlas.<\/p>\n<\/div>\n<\/div>\n<\/div>\n<\/div>\n<\/div>\n<\/div>\n<div class=\"elementor-element elementor-element-4944cc6 e-flex e-con-boxed e-con e-parent e-lazyloaded\" data-id=\"4944cc6\" data-element_type=\"container\">\n<div class=\"e-con-inner\">\n<div class=\"elementor-element elementor-element-67b4b82 elementor-widget elementor-widget-text-editor\" data-id=\"67b4b82\" data-element_type=\"widget\" data-widget_type=\"text-editor.default\">\n<div class=\"elementor-widget-container\">\n<h4><strong>\u00bfQu\u00e9 son las Cookies?<\/strong><\/h4>\n<p>Las cookies son peque\u00f1os archivos de texto que se almacenan en su dispositivo cuando visita nuestro sitio web. Estas cookies contienen informaci\u00f3n que se utiliza para reconocer su dispositivo en visitas posteriores y mejorar su experiencia de usuario.<\/p>\n<\/div>\n<\/div>\n<\/div>\n<\/div>\n<div class=\"elementor-element elementor-element-dc46cf9 e-flex e-con-boxed e-con e-parent e-lazyloaded\" data-id=\"dc46cf9\" data-element_type=\"container\">\n<div class=\"e-con-inner\">\n<div class=\"elementor-element elementor-element-7583a5b elementor-widget elementor-widget-text-editor\" data-id=\"7583a5b\" data-element_type=\"widget\" data-widget_type=\"text-editor.default\">\n<div class=\"elementor-widget-container\">\n<h4><strong>Tipos de Cookies que utilizamos<\/strong><\/h4>\n<ul>\n<li><strong>Cookies esenciales:<\/strong>&nbsp;Estas cookies son necesarias para que nuestro sitio web funcione correctamente. Nos permiten recordar sus preferencias de idioma, iniciar sesi\u00f3n en su cuenta y procesar sus pedidos.<\/li>\n<li><strong>Cookies de rendimiento:<\/strong>&nbsp;Estas cookies nos ayudan a entender c\u00f3mo los visitantes interact\u00faan con nuestro sitio web, recopilando informaci\u00f3n sobre las p\u00e1ginas que visita y el tiempo que pasa en nuestro sitio. Esto nos permite mejorar la funcionalidad y el rendimiento de nuestro sitio.<\/li>\n<li><strong>Cookies de publicidad:<\/strong>&nbsp;Utilizamos cookies de terceros para mostrar anuncios personalizados basados en sus intereses y comportamiento de navegaci\u00f3n. Estas cookies tambi\u00e9n nos ayudan a realizar un seguimiento de la eficacia de nuestras campa\u00f1as publicitarias.<\/li>\n<li><strong>Otras tecnolog\u00edas similares:<\/strong>&nbsp;Adem\u00e1s de las cookies, tambi\u00e9n podemos utilizar otras tecnolog\u00edas similares, como p\u00edxeles de seguimiento y etiquetas de p\u00edxeles, para recopilar y almacenar informaci\u00f3n sobre su interacci\u00f3n con nuestro sitio web y nuestros correos electr\u00f3nicos.<\/li>\n<\/ul>\n<\/div>\n<\/div>\n<\/div>\n<\/div>\n<div class=\"elementor-element elementor-element-de17eac e-flex e-con-boxed e-con e-parent e-lazyloaded\" data-id=\"de17eac\" data-element_type=\"container\">\n<div class=\"e-con-inner\">\n<div class=\"elementor-element elementor-element-d428af8 elementor-widget elementor-widget-text-editor\" data-id=\"d428af8\" data-element_type=\"widget\" data-widget_type=\"text-editor.default\">\n<div class=\"elementor-widget-container\">\n<h4><strong>Control de Cookies<\/strong><\/h4>\n<p>Usted tiene la opci\u00f3n de aceptar o rechazar el uso de cookies en nuestro sitio web. Puede ajustar la configuraci\u00f3n de su navegador para bloquear todas las cookies, aceptar solo ciertos tipos de cookies o recibir una notificaci\u00f3n cuando se env\u00ede una cookie. Sin embargo, tenga en cuenta que al bloquear ciertas cookies, es posible que algunas partes de nuestro sitio web no funcionen correctamente.<\/p>\n<\/div>\n<\/div>\n<\/div>\n<\/div>\n<div class=\"elementor-element elementor-element-b08490c e-flex e-con-boxed e-con e-parent e-lazyloaded\" data-id=\"b08490c\" data-element_type=\"container\">\n<div class=\"e-con-inner\">\n<div class=\"elementor-element elementor-element-43fb57e elementor-widget elementor-widget-text-editor\" data-id=\"43fb57e\" data-element_type=\"widget\" data-widget_type=\"text-editor.default\">\n<div class=\"elementor-widget-container\">\n<h4><strong>Cambios en la Pol\u00edtica de Cookies<\/strong><\/h4>\n<p>Nos reservamos el derecho de actualizar o modificar esta Pol\u00edtica de Cookies en cualquier momento. Cualquier cambio en esta pol\u00edtica se publicar\u00e1 en esta p\u00e1gina. Le recomendamos que revise peri\u00f3dicamente esta p\u00e1gina para conocer cualquier cambio en nuestra pol\u00edtica de cookies.<\/p>\n<\/div>\n<\/div>\n<\/div>\n<\/div>\n<div class=\"elementor-element elementor-element-bb6bb5d e-flex e-con-boxed e-con e-parent e-lazyloaded\" data-id=\"bb6bb5d\" data-element_type=\"container\">\n<div class=\"e-con-inner\">\n<div class=\"elementor-element elementor-element-2b9beff elementor-widget elementor-widget-text-editor\" data-id=\"2b9beff\" data-element_type=\"widget\" data-widget_type=\"text-editor.default\">\n<div class=\"elementor-widget-container\">\n<h4><strong>Contacto<\/strong><\/h4>\n<p>Si tiene alguna pregunta sobre nuestra Pol\u00edtica de Cookies, comun\u00edquese con nosotros a trav\u00e9s de los medios proporcionados en nuestro sitio web.<\/p>\n<ul>\n<li>Puedes contactarte al e-mail:&nbsp;<strong>soluciones@geachemical.com<\/strong><\/li>\n<\/ul>\n<\/div>\n<\/div>\n<\/div>\n<\/div>\t\t\t\t\t\t\t\t<\/div>\n\t\t\t\t<\/div>\n\t\t\t\t\t<\/div>\n\t\t\t\t<\/div>\n\t\t\t\t<\/div>\n\t\t","protected":false},"excerpt":{"rendered":"<p>Pol\u00edtica de cookies En&nbsp;GEA CHEMICAL, utilizamos cookies y tecnolog\u00edas similares en nuestro sitio web para mejorar su experiencia de navegaci\u00f3n [&hellip;]<\/p>\n","protected":false},"author":1,"featured_media":0,"parent":0,"menu_order":0,"comment_status":"closed","ping_status":"closed","template":"","meta":{"site-sidebar-layout":"no-sidebar","site-content-layout":"","ast-site-content-layout":"full-width-container","site-content-style":"default","site-sidebar-style":"default","ast-global-header-display":"","ast-banner-title-visibility":"","ast-main-header-display":"","ast-hfb-above-header-display":"","ast-hfb-below-header-display":"","ast-hfb-mobile-header-display":"","site-post-title":"disabled","ast-breadcrumbs-content":"","ast-featured-img":"disabled","footer-sml-layout":"","theme-transparent-header-meta":"","adv-header-id-meta":"","stick-header-meta":"","header-above-stick-meta":"","header-main-stick-meta":"","header-below-stick-meta":"","astra-migrate-meta-layouts":"default","ast-page-background-enabled":"default","ast-page-background-meta":{"desktop":{"background-color":"var(--ast-global-color-5)","background-image":"","background-repeat":"repeat","background-position":"center center","background-size":"auto","background-attachment":"scroll","background-type":"","background-media":"","overlay-type":"","overlay-color":"","overlay-opacity":"","overlay-gradient":""},"tablet":{"background-color":"","background-image":"","background-repeat":"repeat","background-position":"center center","background-size":"auto","background-attachment":"scroll","background-type":"","background-media":"","overlay-type":"","overlay-color":"","overlay-opacity":"","overlay-gradient":""},"mobile":{"background-color":"","background-image":"","background-repeat":"repeat","background-position":"center center","background-size":"auto","background-attachment":"scroll","background-type":"","background-media":"","overlay-type":"","overlay-color":"","overlay-opacity":"","overlay-gradient":""}},"ast-content-background-meta":{"desktop":{"background-color":"var(--ast-global-color-4)","background-image":"","background-repeat":"repeat","background-position":"center center","background-size":"auto","background-attachment":"scroll","background-type":"","background-media":"","overlay-type":"","overlay-color":"","overlay-opacity":"","overlay-gradient":""},"tablet":{"background-color":"var(--ast-global-color-4)","background-image":"","background-repeat":"repeat","background-position":"center center","background-size":"auto","background-attachment":"scroll","background-type":"","background-media":"","overlay-type":"","overlay-color":"","overlay-opacity":"","overlay-gradient":""},"mobile":{"background-color":"var(--ast-global-color-4)","background-image":"","background-repeat":"repeat","background-position":"center center","background-size":"auto","background-attachment":"scroll","background-type":"","background-media":"","overlay-type":"","overlay-color":"","overlay-opacity":"","overlay-gradient":""}},"footnotes":""},"class_list":["post-879","page","type-page","status-publish","hentry"],"_links":{"self":[{"href":"https:\/\/geachemical.com\/index.php?rest_route=\/wp\/v2\/pages\/879","targetHints":{"allow":["GET"]}}],"collection":[{"href":"https:\/\/geachemical.com\/index.php?rest_route=\/wp\/v2\/pages"}],"about":[{"href":"https:\/\/geachemical.com\/index.php?rest_route=\/wp\/v2\/types\/page"}],"author":[{"embeddable":true,"href":"https:\/\/geachemical.com\/index.php?rest_route=\/wp\/v2\/users\/1"}],"replies":[{"embeddable":true,"href":"https:\/\/geachemical.com\/index.php?rest_route=%2Fwp%2Fv2%2Fcomments&post=879"}],"version-history":[{"count":4,"href":"https:\/\/geachemical.com\/index.php?rest_route=\/wp\/v2\/pages\/879\/revisions"}],"predecessor-version":[{"id":886,"href":"https:\/\/geachemical.com\/index.php?rest_route=\/wp\/v2\/pages\/879\/revisions\/886"}],"wp:attachment":[{"href":"https:\/\/geachemical.com\/index.php?rest_route=%2Fwp%2Fv2%2Fmedia&parent=879"}],"curies":[{"name":"wp","href":"https:\/\/api.w.org\/{rel}","templated":true}]}}